{"id":6,"date":"2024-09-20T19:25:13","date_gmt":"2024-09-20T19:25:13","guid":{"rendered":"http:\/\/ape-xxx.local\/?page_id=6"},"modified":"2025-01-21T22:14:53","modified_gmt":"2025-01-21T22:14:53","slug":"accueil","status":"publish","type":"page","link":"https:\/\/mmi23e16.mmi-troyes.fr\/ape\/","title":{"rendered":"Accueil"},"content":{"rendered":"\n<div class=\"wp-block-cover alignfull\" style=\"min-height:265px;aspect-ratio:unset;\"><span aria-hidden=\"true\" class=\"wp-block-cover__background has-background-dim\" style=\"background-color:#845e55\"><\/span><img loading=\"lazy\" decoding=\"async\" width=\"2560\" height=\"1812\" class=\"wp-block-cover__image-background wp-image-36\" alt=\"\" src=\"http:\/\/ape-xxx.local\/wp-content\/uploads\/2024\/09\/banniere-scaled.jpg\" style=\"object-position:48% 39%\" data-object-fit=\"cover\" data-object-position=\"48% 39%\" srcset=\"https:\/\/mmi23e16.mmi-troyes.fr\/ape\/wp-content\/uploads\/2024\/09\/banniere-scaled.jpg 2560w, https:\/\/mmi23e16.mmi-troyes.fr\/ape\/wp-content\/uploads\/2024\/09\/banniere-300x212.jpg 300w, https:\/\/mmi23e16.mmi-troyes.fr\/ape\/wp-content\/uploads\/2024\/09\/banniere-1024x725.jpg 1024w, https:\/\/mmi23e16.mmi-troyes.fr\/ape\/wp-content\/uploads\/2024\/09\/banniere-768x544.jpg 768w, https:\/\/mmi23e16.mmi-troyes.fr\/ape\/wp-content\/uploads\/2024\/09\/banniere-1536x1087.jpg 1536w, https:\/\/mmi23e16.mmi-troyes.fr\/ape\/wp-content\/uploads\/2024\/09\/banniere-2048x1449.jpg 2048w\" sizes=\"auto, (max-width: 2560px) 100vw, 2560px\" \/><div class=\"wp-block-cover__inner-container is-layout-flow wp-block-cover-is-layout-flow\">\n<h1 class=\"wp-block-heading has-text-align-center has-xx-large-font-size\">Association des Parents d&rsquo;\u00c9l\u00e8ves<br>Site de d\u00e9monstration<\/h1>\n<\/div><\/div>\n\n\n\n<div class=\"wp-block-group alignfull has-global-padding is-layout-constrained wp-block-group-is-layout-constrained\" style=\"padding-top:3em;padding-bottom:3em\">\n<h2 class=\"wp-block-heading has-text-align-left\" style=\"padding-bottom:1.5em\">Dates \u00e0 retenir 2024-2025<\/h2>\n\n\n\n<div class=\"wp-block-columns is-layout-flex wp-container-core-columns-is-layout-0ac59b25 wp-block-columns-is-layout-flex\">\n<div class=\"wp-block-column is-vertically-aligned-center has-global-padding is-layout-constrained wp-block-column-is-layout-constrained\" style=\"flex-basis:25%\">\n<figure class=\"wp-block-image aligncenter size-full is-resized\"><img loading=\"lazy\" decoding=\"async\" width=\"512\" height=\"512\" src=\"http:\/\/ape-xxx.local\/wp-content\/uploads\/2024\/09\/calendrier-coeur.png\" alt=\"\" class=\"wp-image-41\" style=\"width:187px;height:auto\" srcset=\"https:\/\/mmi23e16.mmi-troyes.fr\/ape\/wp-content\/uploads\/2024\/09\/calendrier-coeur.png 512w, https:\/\/mmi23e16.mmi-troyes.fr\/ape\/wp-content\/uploads\/2024\/09\/calendrier-coeur-300x300.png 300w, https:\/\/mmi23e16.mmi-troyes.fr\/ape\/wp-content\/uploads\/2024\/09\/calendrier-coeur-150x150.png 150w\" sizes=\"auto, (max-width: 512px) 100vw, 512px\" \/><\/figure>\n<\/div>\n\n\n\n<div class=\"wp-block-column is-vertically-aligned-center has-global-padding is-layout-constrained wp-container-core-column-is-layout-c9133493 wp-block-column-is-layout-constrained\" style=\"font-size:clamp(0.901rem, 0.901rem + ((1vw - 0.2rem) * 0.665), 1.35rem);flex-basis:75%\">\n<p style=\"padding-right:2.5em\"><strong>01\/10\/2024 <\/strong>&#8211; Assembl\u00e9e g\u00e9n\u00e9rale de l&rsquo;association<\/p>\n\n\n\n<p style=\"padding-right:2.5em\"><strong>06\/12\/2024<\/strong> &#8211; March\u00e9 de No\u00ebl de l&rsquo;\u00e9cole et spectacle des \u00e9l\u00e9mentaires<\/p>\n\n\n\n<p style=\"padding-right:2.5em\"><strong>17\/12\/2024<\/strong> &#8211; Spectacle des maternelles<\/p>\n\n\n\n<p><strong>13\/06\/2025<\/strong> &#8211; Kermesse de l&rsquo;\u00e9cole<\/p>\n<\/div>\n<\/div>\n<\/div>\n\n\n\n<div class=\"wp-block-group alignfull has-custom-contraste-fonce-color has-text-color has-link-color wp-elements-a17dbf181ac343eab3dc1985cd746248 has-global-padding is-layout-constrained wp-container-core-group-is-layout-2e1185d5 wp-block-group-is-layout-constrained\" id=\"newsletter\" style=\"padding-top:1em;padding-right:8vw;padding-bottom:1em;padding-left:8vw\">\n<div class=\"wp-block-group has-custom-lavande-background-color has-background has-global-padding is-layout-constrained wp-container-core-group-is-layout-0e99e35f wp-block-group-is-layout-constrained\" style=\"border-radius:30px;margin-top:0;margin-bottom:0;padding-top:1em;padding-right:2em;padding-bottom:1em;padding-left:2em\">\n<div class=\"wp-block-columns is-layout-flex wp-container-core-columns-is-layout-28f84493 wp-block-columns-is-layout-flex\">\n<div class=\"wp-block-column is-vertically-aligned-center is-layout-flow wp-block-column-is-layout-flow\" style=\"flex-basis:20%\">\n<figure class=\"wp-block-image aligncenter size-thumbnail\"><img loading=\"lazy\" decoding=\"async\" width=\"150\" height=\"150\" src=\"http:\/\/ape-xxx.local\/wp-content\/uploads\/2024\/09\/smile-150x150.png\" alt=\"\" class=\"wp-image-198\" srcset=\"https:\/\/mmi23e16.mmi-troyes.fr\/ape\/wp-content\/uploads\/2024\/09\/smile-150x150.png 150w, https:\/\/mmi23e16.mmi-troyes.fr\/ape\/wp-content\/uploads\/2024\/09\/smile-300x300.png 300w, https:\/\/mmi23e16.mmi-troyes.fr\/ape\/wp-content\/uploads\/2024\/09\/smile.png 512w\" sizes=\"auto, (max-width: 150px) 100vw, 150px\" \/><\/figure>\n<\/div>\n\n\n\n<div class=\"wp-block-column is-layout-flow wp-block-column-is-layout-flow\" style=\"flex-basis:80%\">\n<div class=\"wp-block-group is-content-justification-left is-nowrap is-layout-flex wp-container-core-group-is-layout-5b565aba wp-block-group-is-layout-flex\">\n<figure class=\"wp-block-image size-thumbnail is-resized\"><img loading=\"lazy\" decoding=\"async\" width=\"150\" height=\"150\" src=\"http:\/\/ape-xxx.local\/wp-content\/uploads\/2024\/09\/newsletter1-150x150.png\" alt=\"\" class=\"wp-image-182\" style=\"width:50px;height:auto\" srcset=\"https:\/\/mmi23e16.mmi-troyes.fr\/ape\/wp-content\/uploads\/2024\/09\/newsletter1-150x150.png 150w, https:\/\/mmi23e16.mmi-troyes.fr\/ape\/wp-content\/uploads\/2024\/09\/newsletter1-300x300.png 300w, https:\/\/mmi23e16.mmi-troyes.fr\/ape\/wp-content\/uploads\/2024\/09\/newsletter1.png 512w\" sizes=\"auto, (max-width: 150px) 100vw, 150px\" \/><\/figure>\n\n\n\n<h2 class=\"wp-block-heading has-text-align-center has-custom-contraste-fonce-color has-text-color has-link-color wp-elements-9bf215d1648aacefb126c1a54ec193f3\" style=\"padding-right:0;padding-bottom:0.2em;padding-left:0\">Restez inform\u00e9s !<\/h2>\n<\/div>\n\n\n\n<p class=\"has-text-align-left\" style=\"padding-bottom:1em;font-style:normal;font-weight:700\">Inscrivez-vous \u00e0 la newsletter pour recevoir toutes les actualit\u00e9s de l&rsquo;association.<\/p>\n\n\n\n\t\t\t<form id=\"sib_signup_form_2\" method=\"post\" class=\"sib_signup_form\">\n\t\t\t\t<div class=\"sib_loader\" style=\"display:none;\"><img\n\t\t\t\t\t\t\tsrc=\"https:\/\/mmi23e16.mmi-troyes.fr\/ape\/wp-includes\/images\/spinner.gif\" alt=\"loader\"><\/div>\n\t\t\t\t<input type=\"hidden\" name=\"sib_form_action\" value=\"subscribe_form_submit\">\n\t\t\t\t<input type=\"hidden\" name=\"sib_form_id\" value=\"2\">\n                <input type=\"hidden\" name=\"sib_form_alert_notice\" value=\"Ce champ est obligatoire.\">\n                <input type=\"hidden\" name=\"sib_form_invalid_email_notice\" value=\"Votre adresse mail est invalide.\">\n                <input type=\"hidden\" name=\"sib_security\" value=\"069b88463c\">\n\t\t\t\t<div class=\"sib_signup_box_inside_2\">\n\t\t\t\t\t<div style=\"\/*display:none*\/\" class=\"sib_msg_disp\">\n\t\t\t\t\t<\/div>\n                    \t\t\t\t\t<div class=\"fields\">\r\n<p class=\"sib-firstname-area\"><input type=\"text\" class=\"sib-firstname-area\" name=\"lastname\" placeholder=\"Pr\u00e9nom*\" required=\"required\">\r\n<\/p>\r\n\r\n<p class=\"sib-lastname-area\"><input type=\"text\" class=\"sib-lastname-area\" name=\"lastname\" placeholder=\"Nom*\" required=\"required\">\r\n<\/p>\r\n\r\n<p class=\"sib-email-area\"><input type=\"email\" class=\"sib-email-area\" name=\"email\" placeholder=\"Email*\" required=\"required\">\r\n<\/p>\r\n<\/div>\r\n<div class=\"subscribe\">\r\n<div class=\"rgpd\"><p>Votre adresse email est exclusivement utilis\u00e9e pour vous transmettre notre newsletter et des informations sur les activit\u00e9s de l'APE XXX. Vous pouvez vous d\u00e9sinscrire \u00e0 tout moment de notre liste de diffusion en cliquant sur le lien pr\u00e9sent dans chaque newsletter.<\/p><\/div>\r\n\r\n <div class=\"button\"><p>\r\n   <input type=\"submit\" class=\"sib-default-btn\" value=\"S'inscrire\">\r\n<\/p>\r\n<\/div><\/div>\r\n\t\t\t\t<\/div>\n\t\t\t<\/form>\n\t\t\t<style>\n\t\t\t\tform#sib_signup_form_2 { padding: 5px; -moz-box-sizing:border-box; -webkit-box-sizing: border-box; box-sizing: border-box; } form#sib_signup_form_2 input[type=text],form#sib_signup_form_2 input[type=email], form#sib_signup_form_2 select { width: 60%; border: 1px solid #bbb; height: auto; margin: 1px 0 0 0; } form#sib_signup_form_2 .sib-default-btn {font-family:var(--wp--preset--font-family--adlam-display); margin: 5px 0 0 0; padding: 10px 15px; color:#272e40; background-color: #ecee81; font-size: 1.2em; font-weight:400; line-height: 1.4285; cursor: pointer; vertical-align: middle; -webkit-user-select:none; -moz-user-select:none; -ms-user-select:none; user-select:none; white-space: normal; border:1px solid transparent; border-radius: .33rem; } form#sib_signup_form_2 .sib-default-btn:hover { background-color: #8ddfcb; color:#272e40; } form#sib_signup_form_2 p{ margin: 10px 0 0 0; font-size:0.8em;} form#sib_signup_form_2 .fields {display:flex; flex-flow: row wrap; gap: 0.8em; justify-content: space-between; align-items:center;} form#sib_signup_form_2 .button {text-align:center;} form#sib_signup_form_2 .subscribe {display:flex; flex-flow: row wrap; gap: 0.8em; justify-content: center; align-items: center;} form#sib_signup_form_2 .rgpd {flex-basis:80%;}form#sib_signup_form_2 p.sib-alert-message {\n    padding: 6px 12px;\n    margin-bottom: 20px;\n    border: 1px solid transparent;\n    border-radius: 4px;\n    -webkit-box-sizing: border-box;\n    -moz-box-sizing: border-box;\n    box-sizing: border-box;\n}\nform#sib_signup_form_2 p.sib-alert-message-error {\n    background-color: #f2dede;\n    border-color: #ebccd1;\n    color: #a94442;\n}\nform#sib_signup_form_2 p.sib-alert-message-success {\n    background-color: #dff0d8;\n    border-color: #d6e9c6;\n    color: #3c763d;\n}\nform#sib_signup_form_2 p.sib-alert-message-warning {\n    background-color: #fcf8e3;\n    border-color: #faebcc;\n    color: #8a6d3b;\n}\n\t\t\t<\/style>\n\t\t\t\n<\/div>\n<\/div>\n<\/div>\n<\/div>\n\n\n\n<div class=\"wp-block-group alignfull has-global-padding is-layout-constrained wp-block-group-is-layout-constrained\" style=\"padding-top:3em;padding-bottom:0em\">\n<h2 class=\"wp-block-heading has-text-align-left\" style=\"padding-bottom:1.5em\">Nos actus \u00e0 la une !<\/h2>\n\n\n\n<div class=\"wp-block-query alignwide has-global-padding is-layout-constrained wp-block-query-is-layout-constrained\">\n\n\n<div class=\"wp-block-group is-layout-flow wp-block-group-is-layout-flow\" style=\"margin-top:0;margin-bottom:0;padding-top:1em;padding-right:0;padding-bottom:1em;padding-left:0\"><ul class=\"columns-3 alignfull wp-block-post-template is-layout-grid wp-container-core-post-template-is-layout-2d080239 wp-block-post-template-is-layout-grid\"><li class=\"wp-block-post post-83 post type-post status-publish format-standard has-post-thumbnail hentry category-vente\">\n<figure style=\"aspect-ratio:1; padding-bottom:0em;margin-bottom:0;\" class=\"wp-block-post-featured-image\"><a href=\"https:\/\/mmi23e16.mmi-troyes.fr\/ape\/vente-de-chocolats\/\" target=\"_self\"  ><img loading=\"lazy\" decoding=\"async\" width=\"1920\" height=\"2560\" src=\"https:\/\/mmi23e16.mmi-troyes.fr\/ape\/wp-content\/uploads\/2024\/09\/chocolat-scaled.jpg\" class=\"attachment-post-thumbnail size-post-thumbnail wp-post-image\" alt=\"Vente de chocolats\" style=\"width:100%;height:100%;object-fit:cover;\" srcset=\"https:\/\/mmi23e16.mmi-troyes.fr\/ape\/wp-content\/uploads\/2024\/09\/chocolat-scaled.jpg 1920w, https:\/\/mmi23e16.mmi-troyes.fr\/ape\/wp-content\/uploads\/2024\/09\/chocolat-225x300.jpg 225w, https:\/\/mmi23e16.mmi-troyes.fr\/ape\/wp-content\/uploads\/2024\/09\/chocolat-768x1024.jpg 768w, https:\/\/mmi23e16.mmi-troyes.fr\/ape\/wp-content\/uploads\/2024\/09\/chocolat-1152x1536.jpg 1152w, https:\/\/mmi23e16.mmi-troyes.fr\/ape\/wp-content\/uploads\/2024\/09\/chocolat-1536x2048.jpg 1536w\" sizes=\"auto, (max-width: 1920px) 100vw, 1920px\" \/><\/a><\/figure>\n\n\n<div class=\"wp-block-group is-vertical is-nowrap is-layout-flex wp-container-core-group-is-layout-97ba36a5 wp-block-group-is-layout-flex\" style=\"margin-top:var(--wp--preset--spacing--20);padding-top:0\"><h2 class=\"has-link-color wp-elements-e973f1cba50e434b40045aa205bf45bc wp-block-post-title has-text-color has-custom-lavande-color has-large-font-size wp-container-content-32e3a40d\"><a href=\"https:\/\/mmi23e16.mmi-troyes.fr\/ape\/vente-de-chocolats\/\" target=\"_self\" >Vente de chocolats<\/a><\/h2>\n\n<div class=\"has-link-color wp-elements-b8ffaf2874704a76c039fd1ac44f7475 wp-block-post-date has-text-color has-custom-rose-color\"><time datetime=\"2024-09-20T23:23:30+00:00\"><a href=\"https:\/\/mmi23e16.mmi-troyes.fr\/ape\/vente-de-chocolats\/\">Sep 20, 2024<\/a><\/time><\/div>\n\n<div class=\"wp-block-post-excerpt has-text-color has-custom-contraste-clair-color has-small-font-size wp-container-content-32e3a40d\"><p class=\"wp-block-post-excerpt__excerpt\">Vous offrez des chocolats pour les f\u00eates de fin d&rsquo;ann\u00e9e ? Notre partenaire propose un large choix d&rsquo;assortiments de chocolats et douceurs en tout genre. Quand commander ? Du XX\/XX au\u2026 <a class=\"wp-block-post-excerpt__more-link\" href=\"https:\/\/mmi23e16.mmi-troyes.fr\/ape\/vente-de-chocolats\/\">Lire la suite<\/a><\/p><\/div>\n\n\n<div style=\"height:0px\" aria-hidden=\"true\" class=\"wp-block-spacer wp-container-content-32e3a40d\"><\/div>\n<\/div>\n\n<\/li><li class=\"wp-block-post post-69 post type-post status-publish format-standard has-post-thumbnail hentry category-vente\">\n<figure style=\"aspect-ratio:1; padding-bottom:0em;margin-bottom:0;\" class=\"wp-block-post-featured-image\"><a href=\"https:\/\/mmi23e16.mmi-troyes.fr\/ape\/vente-de-sapins-de-noel-aubois\/\" target=\"_self\"  ><img loading=\"lazy\" decoding=\"async\" width=\"2400\" height=\"1600\" src=\"https:\/\/mmi23e16.mmi-troyes.fr\/ape\/wp-content\/uploads\/2024\/09\/christmas-tree-photo.jpg\" class=\"attachment-post-thumbnail size-post-thumbnail wp-post-image\" alt=\"Vente de sapins de No\u00ebl aubois\" style=\"width:100%;height:100%;object-fit:cover;\" srcset=\"https:\/\/mmi23e16.mmi-troyes.fr\/ape\/wp-content\/uploads\/2024\/09\/christmas-tree-photo.jpg 2400w, https:\/\/mmi23e16.mmi-troyes.fr\/ape\/wp-content\/uploads\/2024\/09\/christmas-tree-photo-300x200.jpg 300w, https:\/\/mmi23e16.mmi-troyes.fr\/ape\/wp-content\/uploads\/2024\/09\/christmas-tree-photo-1024x683.jpg 1024w, https:\/\/mmi23e16.mmi-troyes.fr\/ape\/wp-content\/uploads\/2024\/09\/christmas-tree-photo-768x512.jpg 768w, https:\/\/mmi23e16.mmi-troyes.fr\/ape\/wp-content\/uploads\/2024\/09\/christmas-tree-photo-1536x1024.jpg 1536w, https:\/\/mmi23e16.mmi-troyes.fr\/ape\/wp-content\/uploads\/2024\/09\/christmas-tree-photo-2048x1365.jpg 2048w\" sizes=\"auto, (max-width: 2400px) 100vw, 2400px\" \/><\/a><\/figure>\n\n\n<div class=\"wp-block-group is-vertical is-nowrap is-layout-flex wp-container-core-group-is-layout-97ba36a5 wp-block-group-is-layout-flex\" style=\"margin-top:var(--wp--preset--spacing--20);padding-top:0\"><h2 class=\"has-link-color wp-elements-e973f1cba50e434b40045aa205bf45bc wp-block-post-title has-text-color has-custom-lavande-color has-large-font-size wp-container-content-32e3a40d\"><a href=\"https:\/\/mmi23e16.mmi-troyes.fr\/ape\/vente-de-sapins-de-noel-aubois\/\" target=\"_self\" >Vente de sapins de No\u00ebl aubois<\/a><\/h2>\n\n<div class=\"has-link-color wp-elements-b8ffaf2874704a76c039fd1ac44f7475 wp-block-post-date has-text-color has-custom-rose-color\"><time datetime=\"2024-09-20T22:14:27+00:00\"><a href=\"https:\/\/mmi23e16.mmi-troyes.fr\/ape\/vente-de-sapins-de-noel-aubois\/\">Sep 20, 2024<\/a><\/time><\/div>\n\n<div class=\"wp-block-post-excerpt has-text-color has-custom-contraste-clair-color has-small-font-size wp-container-content-32e3a40d\"><p class=\"wp-block-post-excerpt__excerpt\">Si vous achetez un sapin pour No\u00ebl, pourquoi ne pas passer par l&rsquo;APE XXX ? Les b\u00e9n\u00e9fices engendr\u00e9s b\u00e9n\u00e9ficient \u00e0 vos enfants, et nous travaillons avec un partenaire local : deux\u2026 <a class=\"wp-block-post-excerpt__more-link\" href=\"https:\/\/mmi23e16.mmi-troyes.fr\/ape\/vente-de-sapins-de-noel-aubois\/\">Lire la suite<\/a><\/p><\/div>\n\n\n<div style=\"height:0px\" aria-hidden=\"true\" class=\"wp-block-spacer wp-container-content-32e3a40d\"><\/div>\n<\/div>\n\n<\/li><\/ul>\n\n\n<div style=\"margin-top:0;margin-bottom:0;height:2em\" aria-hidden=\"true\" class=\"wp-block-spacer\"><\/div>\n\n\n<\/div>\n<\/div>\n<\/div>\n","protected":false},"excerpt":{"rendered":"<p>Dates \u00e0 retenir 2024-2025 01\/10\/2024 &#8211; Assembl\u00e9e g\u00e9n\u00e9rale de l&rsquo;association 06\/12\/2024 &#8211; March\u00e9 de No\u00ebl de l&rsquo;\u00e9cole et spectacle des \u00e9l\u00e9mentaires 17\/12\/2024 &#8211; Spectacle des maternelles 13\/06\/2025 &#8211; Kermesse de l&rsquo;\u00e9cole Nos actus \u00e0 la une !<\/p>\n","protected":false},"author":1,"featured_media":0,"parent":0,"menu_order":0,"comment_status":"closed","ping_status":"closed","template":"","meta":{"footnotes":""},"class_list":["post-6","page","type-page","status-publish","hentry"],"_links":{"self":[{"href":"https:\/\/mmi23e16.mmi-troyes.fr\/ape\/wp-json\/wp\/v2\/pages\/6","targetHints":{"allow":["GET"]}}],"collection":[{"href":"https:\/\/mmi23e16.mmi-troyes.fr\/ape\/wp-json\/wp\/v2\/pages"}],"about":[{"href":"https:\/\/mmi23e16.mmi-troyes.fr\/ape\/wp-json\/wp\/v2\/types\/page"}],"author":[{"embeddable":true,"href":"https:\/\/mmi23e16.mmi-troyes.fr\/ape\/wp-json\/wp\/v2\/users\/1"}],"replies":[{"embeddable":true,"href":"https:\/\/mmi23e16.mmi-troyes.fr\/ape\/wp-json\/wp\/v2\/comments?post=6"}],"version-history":[{"count":54,"href":"https:\/\/mmi23e16.mmi-troyes.fr\/ape\/wp-json\/wp\/v2\/pages\/6\/revisions"}],"predecessor-version":[{"id":326,"href":"https:\/\/mmi23e16.mmi-troyes.fr\/ape\/wp-json\/wp\/v2\/pages\/6\/revisions\/326"}],"wp:attachment":[{"href":"https:\/\/mmi23e16.mmi-troyes.fr\/ape\/wp-json\/wp\/v2\/media?parent=6"}],"curies":[{"name":"wp","href":"https:\/\/api.w.org\/{rel}","templated":true}]}}