{"id":323,"date":"2025-01-21T22:13:04","date_gmt":"2025-01-21T22:13:04","guid":{"rendered":"http:\/\/ape-xxx.local\/?page_id=323"},"modified":"2025-01-21T22:35:45","modified_gmt":"2025-01-21T22:35:45","slug":"mentions-legales-temporaire","status":"publish","type":"page","link":"https:\/\/mmi23e16.mmi-troyes.fr\/ape\/mentions-legales-temporaire\/","title":{"rendered":"Mentions l\u00e9gales &#8211; temporaire"},"content":{"rendered":"\n<div class=\"wp-block-cover alignfull\" style=\"min-height:265px;aspect-ratio:unset;\"><span aria-hidden=\"true\" class=\"wp-block-cover__background has-background-dim\" style=\"background-color:#845e55\"><\/span><img loading=\"lazy\" decoding=\"async\" width=\"2560\" height=\"1812\" class=\"wp-block-cover__image-background wp-image-36\" alt=\"\" src=\"http:\/\/ape-xxx.local\/wp-content\/uploads\/2024\/09\/banniere-scaled.jpg\" style=\"object-position:48% 39%\" data-object-fit=\"cover\" data-object-position=\"48% 39%\" srcset=\"https:\/\/mmi23e16.mmi-troyes.fr\/ape\/wp-content\/uploads\/2024\/09\/banniere-scaled.jpg 2560w, https:\/\/mmi23e16.mmi-troyes.fr\/ape\/wp-content\/uploads\/2024\/09\/banniere-300x212.jpg 300w, https:\/\/mmi23e16.mmi-troyes.fr\/ape\/wp-content\/uploads\/2024\/09\/banniere-1024x725.jpg 1024w, https:\/\/mmi23e16.mmi-troyes.fr\/ape\/wp-content\/uploads\/2024\/09\/banniere-768x544.jpg 768w, https:\/\/mmi23e16.mmi-troyes.fr\/ape\/wp-content\/uploads\/2024\/09\/banniere-1536x1087.jpg 1536w, https:\/\/mmi23e16.mmi-troyes.fr\/ape\/wp-content\/uploads\/2024\/09\/banniere-2048x1449.jpg 2048w\" sizes=\"auto, (max-width: 2560px) 100vw, 2560px\" \/><div class=\"wp-block-cover__inner-container is-layout-flow wp-block-cover-is-layout-flow\">\n<h1 class=\"wp-block-heading has-text-align-center has-xx-large-font-size\">Mentions l\u00e9gales &#8211; temporaire<\/h1>\n<\/div><\/div>\n\n\n\n<div class=\"wp-block-group alignfull has-global-padding is-layout-constrained wp-block-group-is-layout-constrained\" style=\"padding-top:3em;padding-bottom:3em\">\n<h2 class=\"wp-block-heading has-text-align-center\">Informations g\u00e9n\u00e9rales<\/h2>\n\n\n\n<p>Ce site est publi\u00e9 temporairement par Margot MARC, cr\u00e9atrice du site internet, dans le cadre d&rsquo;une pr\u00e9sentation dans son portfolio professionnel. La version officielle du site n&rsquo;est pas encore disponible en ligne. Si vous \u00eates tomb\u00e9.e par hasard sur ce site, merci de consid\u00e9rer l&rsquo;int\u00e9gralit\u00e9 de son contenu comme une d\u00e9monstration, et non pas une source d&rsquo;information.<\/p>\n\n\n\n<hr class=\"wp-block-separator has-text-color has-custom-citron-color has-alpha-channel-opacity has-custom-citron-background-color has-background is-style-dots\" style=\"margin-top:2em;margin-bottom:2em\"\/>\n\n\n\n<h2 class=\"wp-block-heading has-text-align-center\">Cr\u00e9dits illustrations<\/h2>\n\n\n\n<p>Logo de l&rsquo;association : image libre de droit<\/p>\n\n\n\n<p>Banni\u00e8re du site : photo de <a href=\"https:\/\/unsplash.com\/fr\/@aaronburden?utm_content=creditCopyText&amp;utm_medium=referral&amp;utm_source=unsplash\" target=\"_blank\" rel=\"noreferrer noopener\">Aaron Burden<\/a> sur <a href=\"https:\/\/unsplash.com\/fr\/photos\/selective-focal-photo-of-crayons-in-yellow-box-1zR3WNSTnvY?utm_content=creditCopyText&amp;utm_medium=referral&amp;utm_source=unsplash\" target=\"_blank\" rel=\"noreferrer noopener\">Unsplash<\/a><\/p>\n\n\n\n<p>Illustrations pr\u00e9sentes sur la page d&rsquo;accueil et celle de l&rsquo;association : ic\u00f4nes de juicy_fish sur <a href=\"https:\/\/www.flaticon.com\/search?author_id=313&amp;style_id=1057&amp;type=standard\" target=\"_blank\" rel=\"noreferrer noopener\">Flaticon<\/a><\/p>\n\n\n\n<p>Images pr\u00e9sentes dans nos actualit\u00e9s : cr\u00e9dits attribu\u00e9s directement sous l&rsquo;image ou en fin de chaque article<\/p>\n\n\n\n<hr class=\"wp-block-separator has-text-color has-custom-citron-color has-alpha-channel-opacity has-custom-citron-background-color has-background is-style-dots\" style=\"margin-top:2em;margin-bottom:2em\"\/>\n\n\n\n<h2 class=\"wp-block-heading has-text-align-center\">RGPD<\/h2>\n\n\n\n<p>Les seules donn\u00e9es que nous enregistrons sont vos noms, pr\u00e9noms et adresses mail si vous vous inscrivez \u00e0 la newsletter du site. Les donn\u00e9es r\u00e9colt\u00e9es servent exclusivement \u00e0 l&rsquo;envoi de la newsletter. Vous pouvez demander \u00e0 ce que vos donn\u00e9es soient supprim\u00e9es de notre fichier sur simple demande adress\u00e9e \u00e0 <a href=\"https:\/\/www.linkedin.com\/in\/margot-marc-252393112\/\">Margot MARC<\/a>.<\/p>\n<\/div>\n","protected":false},"excerpt":{"rendered":"<p>Informations g\u00e9n\u00e9rales Ce site est publi\u00e9 temporairement par Margot MARC, cr\u00e9atrice du site internet, dans le cadre d&rsquo;une pr\u00e9sentation dans son portfolio professionnel. La version officielle du site n&rsquo;est pas encore disponible en ligne. Si vous \u00eates tomb\u00e9.e par hasard sur ce site, merci de consid\u00e9rer l&rsquo;int\u00e9gralit\u00e9 de son contenu comme une d\u00e9monstration, et non [&hellip;]<\/p>\n","protected":false},"author":1,"featured_media":0,"parent":0,"menu_order":0,"comment_status":"closed","ping_status":"closed","template":"","meta":{"footnotes":""},"class_list":["post-323","page","type-page","status-publish","hentry"],"_links":{"self":[{"href":"https:\/\/mmi23e16.mmi-troyes.fr\/ape\/wp-json\/wp\/v2\/pages\/323","targetHints":{"allow":["GET"]}}],"collection":[{"href":"https:\/\/mmi23e16.mmi-troyes.fr\/ape\/wp-json\/wp\/v2\/pages"}],"about":[{"href":"https:\/\/mmi23e16.mmi-troyes.fr\/ape\/wp-json\/wp\/v2\/types\/page"}],"author":[{"embeddable":true,"href":"https:\/\/mmi23e16.mmi-troyes.fr\/ape\/wp-json\/wp\/v2\/users\/1"}],"replies":[{"embeddable":true,"href":"https:\/\/mmi23e16.mmi-troyes.fr\/ape\/wp-json\/wp\/v2\/comments?post=323"}],"version-history":[{"count":2,"href":"https:\/\/mmi23e16.mmi-troyes.fr\/ape\/wp-json\/wp\/v2\/pages\/323\/revisions"}],"predecessor-version":[{"id":331,"href":"https:\/\/mmi23e16.mmi-troyes.fr\/ape\/wp-json\/wp\/v2\/pages\/323\/revisions\/331"}],"wp:attachment":[{"href":"https:\/\/mmi23e16.mmi-troyes.fr\/ape\/wp-json\/wp\/v2\/media?parent=323"}],"curies":[{"name":"wp","href":"https:\/\/api.w.org\/{rel}","templated":true}]}}